{"id":426,"date":"2024-07-16T12:34:39","date_gmt":"2024-07-16T10:34:39","guid":{"rendered":"https:\/\/www.finimmobil.org\/?page_id=426"},"modified":"2024-07-29T08:55:52","modified_gmt":"2024-07-29T06:55:52","slug":"consulenza-bancaria","status":"publish","type":"page","link":"https:\/\/www.finimmobil.org\/index.php\/consulenza-bancaria\/","title":{"rendered":"Consulenza Bancaria"},"content":{"rendered":"\n<div class=\"wp-block-essential-blocks-wrapper alignfull  root-eb-wrapper-ylvjlec\"><div class=\"eb-parent-wrapper eb-parent-eb-wrapper-ylvjlec \"><div class=\"eb-wrapper-outer eb-wrapper-ylvjlec\"><div class=\"eb-wrapper-inner\"><div class=\"eb-wrapper-inner-blocks eb-wrapper-align-center\">\n<div class=\"wp-block-essential-blocks-advanced-image  root-eb-advanced-image-0jrxk6j\"><div class=\"eb-parent-wrapper eb-parent-eb-advanced-image-0jrxk6j \"><figure class=\"eb-advanced-image-wrapper eb-advanced-image-0jrxk6j img-style-square caption-style-1 caption-horizontal-center caption-vertical-bottom bottom no-effect\" data-id=\"eb-advanced-image-0jrxk6j\"><div class=\"image-wrapper\"><img decoding=\"async\" src=\"http:\/\/www.finimmobil.org\/wp-content\/uploads\/2024\/07\/Progetto-senza-titolo-10.jpg\" alt=\"Agenzia Immobiliare a Lecce\"\/><\/div><\/figure><\/div><\/div>\n\n\n\n<div class=\"wp-block-essential-blocks-advanced-heading  root-eb-advance-heading-s8fpn9z\"><div class=\"eb-parent-wrapper eb-parent-eb-advance-heading-s8fpn9z \"><div class=\"eb-advance-heading-wrapper eb-advance-heading-s8fpn9z button-1\" data-id=\"eb-advance-heading-s8fpn9z\"><h2 class=\"eb-ah-title\">Consulenza Bancaria<\/h2><p class=\"eb-ah-subtitle\">Il nostro approccio alla consulenza bancaria si basa su un\u2019analisi approfondita delle vostre esigenze finanziarie, combinata con una conoscenza aggiornata del mercato e delle sue dinamiche. Lavoriamo a stretto contatto con voi per comprendere le vostre priorit\u00e0 e sviluppare un piano personalizzato che vi consenta di raggiungere i vostri obiettivi finanziari in modo efficace.<\/p><\/div><\/div><\/div>\n\n\n\n<div class=\"wp-block-essential-blocks-button  root-eb-button-11i0m\"><div class=\"eb-parent-wrapper eb-parent-eb-button-11i0m eb_animation eb___animated eb___fadeInRight\"><div class=\"eb-button-wrapper eb-button-alignment eb-button-11i0m\"><div class=\"eb-button\"><a class=\"eb-button-anchor\" href=\"https:\/\/www.finimmobil.org\/index.php\/contatti\/\" rel=\"noopener\">Contattaci<\/a><\/div><\/div><\/div><\/div>\n<\/div><\/div><\/div><\/div><\/div>\n\n\n\n<div class=\"wp-block-essential-blocks-wrapper alignfull  root-eb-wrapper-zvoj7gc\"><div class=\"eb-parent-wrapper eb-parent-eb-wrapper-zvoj7gc \"><div class=\"eb-wrapper-outer eb-wrapper-zvoj7gc\"><div class=\"eb-wrapper-inner\"><div class=\"eb-wrapper-inner-blocks eb-wrapper-align-center\">\n<div class=\"wp-block-essential-blocks-row alignfull  root-eb-row-ootyexl\"><div class=\"eb-parent-wrapper eb-parent-eb-row-ootyexl \"><div class=\"eb-row-root-container eb-row-ootyexl\" data-id=\"eb-row-ootyexl\"><div class=\"eb-row-wrapper\"><div class=\"eb-row-inner\">\n<div class=\"wp-block-essential-blocks-column  root-eb-column-6torbvm\"><div class=\"eb-parent-wrapper eb-parent-eb-column-6torbvm \"><div class=\"eb-column-wrapper eb-column-6torbvm\"><div class=\"eb-column-inner\">\n<div class=\"wp-block-essential-blocks-advanced-image  root-eb-advanced-image-jj80uzi\"><div class=\"eb-parent-wrapper eb-parent-eb-advanced-image-jj80uzi eb_animation eb___animated eb___slideInLeft\"><figure class=\"eb-advanced-image-wrapper eb-advanced-image-jj80uzi img-style-square caption-style-1 caption-horizontal-center caption-vertical-bottom bottom no-effect\" data-id=\"eb-advanced-image-jj80uzi\"><div class=\"image-wrapper\"><img decoding=\"async\" src=\"http:\/\/www.finimmobil.org\/wp-content\/uploads\/2024\/07\/FinImmobil-FinImmobil-FinImmobil-FinImmobil-FinImmobil-FinImmobil-FinImmobil-FinImmobil-FinImmobil-FinImmobil-FinImmobil-FinImmobil-FinImmobil-FinImmobil-FinImmobil-FinImmobil-FinImmobil-FinImmobi-1.png\" alt=\"\"\/><\/div><\/figure><\/div><\/div>\n<\/div><\/div><\/div><\/div>\n\n\n\n<div class=\"wp-block-essential-blocks-column  root-eb-column-ghvxwxq\"><div class=\"eb-parent-wrapper eb-parent-eb-column-ghvxwxq \"><div class=\"eb-column-wrapper eb-column-ghvxwxq\"><div class=\"eb-column-inner\">\n<div class=\"wp-block-essential-blocks-advanced-heading  root-eb-advance-heading-iq9ydaf\"><div class=\"eb-parent-wrapper eb-parent-eb-advance-heading-iq9ydaf eb_animation eb___animated eb___slideInRight\"><div class=\"eb-advance-heading-wrapper eb-advance-heading-iq9ydaf button-1\" data-id=\"eb-advance-heading-iq9ydaf\"><h2 class=\"eb-ah-title\">Giuseppe Occhineri<\/h2><p class=\"eb-ah-subtitle\">Esperienza e Professionalit\u00e0<\/p><\/div><\/div><\/div>\n\n\n\n<div class=\"wp-block-essential-blocks-advanced-heading  root-eb-advance-heading-d7rec3m\"><div class=\"eb-parent-wrapper eb-parent-eb-advance-heading-d7rec3m eb_animation eb___animated eb___slideInRight\"><div class=\"eb-advance-heading-wrapper eb-advance-heading-d7rec3m button-1\" data-id=\"eb-advance-heading-d7rec3m\"><p class=\"eb-ah-title\">La consulenza bancaria \u00e8 uno dei pilastri fondamentali dei nostri servizi, progettata per assistervi in ogni fase della vostra esperienza finanziaria. Il nostro team di esperti qualificati \u00e8 dedicato a fornire consigli personalizzati e soluzioni strategiche che rispondano alle vostre esigenze specifiche.<\/p><\/div><\/div><\/div>\n<\/div><\/div><\/div><\/div>\n<\/div><\/div><\/div><\/div><\/div>\n<\/div><\/div><\/div><\/div><\/div>\n\n\n\n<div class=\"wp-block-essential-blocks-row alignfull  root-eb-row-3aoz11a\"><div class=\"eb-parent-wrapper eb-parent-eb-row-3aoz11a \"><div class=\"eb-row-root-container eb-row-3aoz11a\" data-id=\"eb-row-3aoz11a\"><div class=\"eb-row-wrapper\"><div class=\"eb-row-inner\">\n<div class=\"wp-block-essential-blocks-column  root-eb-column-ho5pehn\"><div class=\"eb-parent-wrapper eb-parent-eb-column-ho5pehn \"><div class=\"eb-column-wrapper eb-column-ho5pehn\"><div class=\"eb-column-inner\">\n<div class=\"wp-block-essential-blocks-infobox  root-eb-infobox-pa23c3n\"><div class=\"eb-parent-wrapper eb-parent-eb-infobox-pa23c3n eb_animation eb___animated eb___slideInLeft\"><div class=\"eb-infobox-pa23c3n eb-infobox-wrapper\"><div class=\"infobox-wrapper-inner\"><div class=\"contents-wrapper\"><h2 class=\"title\"><strong>Consulenza sui Mutui<\/strong><\/h2><p class=\"description\">Analizziamo e consigliamo le migliori soluzioni di mutuo per l&#8217;acquisto, la ristrutturazione o il consolidamento dei debiti. Vi supportiamo nella scelta del finanziamento pi\u00f9 adatto alle vostre necessit\u00e0 e capacit\u00e0 economiche.<\/p><\/div><\/div><\/div><\/div><\/div>\n\n\n\n<div class=\"wp-block-essential-blocks-infobox  root-eb-infobox-ew4rxu0\"><div class=\"eb-parent-wrapper eb-parent-eb-infobox-ew4rxu0 eb_animation eb___animated eb___slideInLeft\"><div class=\"eb-infobox-ew4rxu0 eb-infobox-wrapper\"><div class=\"infobox-wrapper-inner\"><div class=\"contents-wrapper\"><h2 class=\"title\"><strong>Gestione del Patrimonio<\/strong><\/h2><p class=\"description\">Offriamo assistenza nella gestione del patrimonio personale e aziendale, ottimizzando le risorse per garantire una crescita sostenibile e sicura.<\/p><\/div><\/div><\/div><\/div><\/div>\n\n\n\n<div class=\"wp-block-essential-blocks-infobox  root-eb-infobox-l0grcve\"><div class=\"eb-parent-wrapper eb-parent-eb-infobox-l0grcve eb_animation eb___animated eb___slideInLeft\"><div class=\"eb-infobox-l0grcve eb-infobox-wrapper\"><div class=\"infobox-wrapper-inner\"><div class=\"contents-wrapper\"><h2 class=\"title\"><strong>Pianificazione Finanziaria<\/strong><\/h2><p class=\"description\">Vi aiutiamo a pianificare il vostro futuro finanziario, impostando obiettivi a breve e lungo termine e delineando le strategie necessarie per raggiungerli.<\/p><\/div><\/div><\/div><\/div><\/div>\n\n\n\n<p><\/p>\n\n\n\n<div class=\"wp-block-essential-blocks-infobox  root-eb-infobox-wddrg\"><div class=\"eb-parent-wrapper eb-parent-eb-infobox-wddrg eb_animation eb___animated eb___slideInLeft\"><div class=\"eb-infobox-wddrg eb-infobox-wrapper\"><div class=\"infobox-wrapper-inner\"><div class=\"contents-wrapper\"><h2 class=\"title\"><strong>Investimenti<\/strong><\/h2><p class=\"description\">Forniamo consulenza sugli investimenti pi\u00f9 appropriati in base al vostro profilo di rischio e agli obiettivi finanziari, con l\u2019obiettivo di massimizzare i rendimenti e minimizzare i rischi.<\/p><\/div><\/div><\/div><\/div><\/div>\n\n\n\n<p><\/p>\n\n\n\n<div class=\"wp-block-essential-blocks-infobox  root-eb-infobox-dpmui\"><div class=\"eb-parent-wrapper eb-parent-eb-infobox-dpmui eb_animation eb___animated eb___slideInLeft\"><div class=\"eb-infobox-dpmui eb-infobox-wrapper\"><div class=\"infobox-wrapper-inner\"><div class=\"contents-wrapper\"><h2 class=\"title\"><strong><strong>Finanziamenti Aziendali<\/strong><\/strong><\/h2><p class=\"description\">Supportiamo le imprese nella ricerca e nella gestione dei finanziamenti necessari per lo sviluppo e la crescita, consigliando le soluzioni pi\u00f9 vantaggiose sul mercato.<\/p><\/div><\/div><\/div><\/div><\/div>\n<\/div><\/div><\/div><\/div>\n\n\n\n<div class=\"wp-block-essential-blocks-column  root-eb-column-4x7flmk\"><div class=\"eb-parent-wrapper eb-parent-eb-column-4x7flmk \"><div class=\"eb-column-wrapper eb-column-4x7flmk\"><div class=\"eb-column-inner\">\n<div class=\"wp-block-essential-blocks-advanced-heading  root-eb-advance-heading-df6hx00\"><div class=\"eb-parent-wrapper eb-parent-eb-advance-heading-df6hx00 eb_animation eb___animated eb___slideInRight\"><div class=\"eb-advance-heading-wrapper eb-advance-heading-df6hx00 button-1\" data-id=\"eb-advance-heading-df6hx00\"><h2 class=\"eb-ah-title\">Servizi di Consulenza Bancaria<\/h2><\/div><\/div><\/div>\n\n\n\n<div class=\"wp-block-essential-blocks-advanced-heading  root-eb-advance-heading-mbt0hf6\"><div class=\"eb-parent-wrapper eb-parent-eb-advance-heading-mbt0hf6 eb_animation eb___animated eb___slideInUp\"><div class=\"eb-advance-heading-wrapper eb-advance-heading-mbt0hf6 button-1\" data-id=\"eb-advance-heading-mbt0hf6\"><p class=\"eb-ah-title\"><\/p><\/div><\/div><\/div>\n<\/div><\/div><\/div><\/div>\n<\/div><\/div><\/div><\/div><\/div>\n\n\n\n<div class=\"wp-block-uagb-container uagb-block-6b2e1d18 alignfull uagb-is-root-container\"><div class=\"uagb-container-inner-blocks-wrap\">\n<div class=\"wp-block-uagb-container uagb-block-f4c12674\">\n<figure class=\"wp-block-image size-full has-custom-border\"><img loading=\"lazy\" decoding=\"async\" width=\"500\" height=\"200\" src=\"http:\/\/www.finimmobil.org\/wp-content\/uploads\/2024\/07\/Progetto-senza-titolo-10.jpg\" alt=\"Agenzia Immobiliare a Lecce\" class=\"wp-image-57\" style=\"border-style:none;border-width:0px;border-radius:17px\" srcset=\"https:\/\/www.finimmobil.org\/wp-content\/uploads\/2024\/07\/Progetto-senza-titolo-10.jpg 500w, https:\/\/www.finimmobil.org\/wp-content\/uploads\/2024\/07\/Progetto-senza-titolo-10-300x120.jpg 300w\" sizes=\"auto, (max-width: 500px) 100vw, 500px\" \/><\/figure>\n<\/div>\n\n\n\n<div class=\"wp-block-uagb-container uagb-block-ce7919d6\">\n<div class=\"wp-block-uagb-advanced-heading uagb-block-a586e487\"><h2 class=\"uagb-heading-text\">Contatta Finimmobil &#8211; Esperti Immobiliari e Finanziari<\/h2><\/div>\n\n\n\n<p class=\"has-ast-global-color-5-color has-text-color has-link-color wp-elements-60ae00c85e93502012f3acdb162a05dc\"><a href=\"https:\/\/www.finimmobil.org\/index.php\/privacy-policy\/\" data-type=\"page\" data-id=\"3\">Privacy Policy<\/a> &#8211; <a href=\"https:\/\/www.finimmobil.org\/index.php\/cookie-policy-ue\/\" data-type=\"page\" data-id=\"369\">Cookie Policy<\/a><\/p>\n\n\n\n<div class=\"wp-block-uagb-icon-list uagb-block-500b592b\"><div class=\"uagb-icon-list__wrap\">\n<div class=\"wp-block-uagb-icon-list-child uagb-block-31fc2f32\"><a target=\"_blank\" aria-label=\"328 4698636-393 2317510\" rel=\"noopener noreferrer\" href=\"tel:+39328469866\"> <\/a><span class=\"uagb-icon-list__source-wrap\"><svg xmlns=\"https:\/\/www.w3.org\/2000\/svg\" viewBox=\"0 0 512 512\"><path d=\"M511.2 387l-23.25 100.8c-3.266 14.25-15.79 24.22-30.46 24.22C205.2 512 0 306.8 0 54.5c0-14.66 9.969-27.2 24.22-30.45l100.8-23.25C139.7-2.602 154.7 5.018 160.8 18.92l46.52 108.5c5.438 12.78 1.77 27.67-8.98 36.45L144.5 207.1c33.98 69.22 90.26 125.5 159.5 159.5l44.08-53.8c8.688-10.78 23.69-14.51 36.47-8.975l108.5 46.51C506.1 357.2 514.6 372.4 511.2 387z\"><\/path><\/svg><\/span><span class=\"uagb-icon-list__label\">328 4698636-393 2317510<\/span><\/div>\n\n\n\n<div class=\"wp-block-uagb-icon-list-child uagb-block-51c2f21b\"><a target=\"_self\" aria-label=\"0832.705808\" rel=\"noopener noreferrer\" href=\"tel:0832705808\"> <\/a><span class=\"uagb-icon-list__source-wrap\"><svg xmlns=\"https:\/\/www.w3.org\/2000\/svg\" viewBox=\"0 0 512 512\"><path d=\"M511.2 387l-23.25 100.8c-3.266 14.25-15.79 24.22-30.46 24.22C205.2 512 0 306.8 0 54.5c0-14.66 9.969-27.2 24.22-30.45l100.8-23.25C139.7-2.602 154.7 5.018 160.8 18.92l46.52 108.5c5.438 12.78 1.77 27.67-8.98 36.45L144.5 207.1c33.98 69.22 90.26 125.5 159.5 159.5l44.08-53.8c8.688-10.78 23.69-14.51 36.47-8.975l108.5 46.51C506.1 357.2 514.6 372.4 511.2 387z\"><\/path><\/svg><\/span><span class=\"uagb-icon-list__label\">0832.705808<\/span><\/div>\n\n\n\n<div class=\"wp-block-uagb-icon-list-child uagb-block-0fad51fb\"><a target=\"_blank\" aria-label=\"pancrazio27@gmail.com\/pancrazioocchineri@libero.it\" rel=\"noopener noreferrer\" href=\"finimmobil_occhineri@libero.it\"> <\/a><span class=\"uagb-icon-list__source-wrap\"><svg xmlns=\"https:\/\/www.w3.org\/2000\/svg\" viewBox=\"0 0 512 512\"><path d=\"M464 64C490.5 64 512 85.49 512 112C512 127.1 504.9 141.3 492.8 150.4L275.2 313.6C263.8 322.1 248.2 322.1 236.8 313.6L19.2 150.4C7.113 141.3 0 127.1 0 112C0 85.49 21.49 64 48 64H464zM217.6 339.2C240.4 356.3 271.6 356.3 294.4 339.2L512 176V384C512 419.3 483.3 448 448 448H64C28.65 448 0 419.3 0 384V176L217.6 339.2z\"><\/path><\/svg><\/span><span class=\"uagb-icon-list__label\">pancrazio27@gmail.com\/pancrazioocchineri@libero.it<\/span><\/div>\n\n\n\n<div class=\"wp-block-uagb-icon-list-child uagb-block-df433ce6\"><span class=\"uagb-icon-list__source-wrap\"><svg xmlns=\"https:\/\/www.w3.org\/2000\/svg\" viewBox=\"0 0 448 512\"><path d=\"M285.6 444.1C279.8 458.3 264.8 466.3 249.8 463.4C234.8 460.4 223.1 447.3 223.1 432V256H47.1C32.71 256 19.55 245.2 16.6 230.2C13.65 215.2 21.73 200.2 35.88 194.4L387.9 50.38C399.8 45.5 413.5 48.26 422.6 57.37C431.7 66.49 434.5 80.19 429.6 92.12L285.6 444.1z\"><\/path><\/svg><\/span><span class=\"uagb-icon-list__label\">Sede Guagnano: Via Provinciale 152 &#8211; 73010 Guagnano (LECCE)<\/span><\/div>\n\n\n\n<div class=\"wp-block-uagb-icon-list-child uagb-block-eda55b9e\"><span class=\"uagb-icon-list__source-wrap\"><svg xmlns=\"https:\/\/www.w3.org\/2000\/svg\" viewBox=\"0 0 448 512\"><path d=\"M285.6 444.1C279.8 458.3 264.8 466.3 249.8 463.4C234.8 460.4 223.1 447.3 223.1 432V256H47.1C32.71 256 19.55 245.2 16.6 230.2C13.65 215.2 21.73 200.2 35.88 194.4L387.9 50.38C399.8 45.5 413.5 48.26 422.6 57.37C431.7 66.49 434.5 80.19 429.6 92.12L285.6 444.1z\"><\/path><\/svg><\/span><span class=\"uagb-icon-list__label\">Sede Lecce: Corte dei Lubelli 1 Lecce (LECCE)<\/span><\/div>\n<\/div><\/div>\n<\/div>\n<\/div><\/div>\n","protected":false},"excerpt":{"rendered":"<p>Contatta Finimmobil &#8211; Esperti Immobiliari e Finanziari Privacy Policy &#8211; Cookie Policy<\/p>\n","protected":false},"author":1,"featured_media":0,"parent":0,"menu_order":0,"comment_status":"closed","ping_status":"closed","template":"","meta":{"_eb_attr":"","_uag_custom_page_level_css":"","site-sidebar-layout":"default","site-content-layout":"","ast-site-content-layout":"","site-content-style":"default","site-sidebar-style":"default","ast-global-header-display":"","ast-banner-title-visibility":"","ast-main-header-display":"","ast-hfb-above-header-display":"","ast-hfb-below-header-display":"","ast-hfb-mobile-header-display":"","site-post-title":"disabled","ast-breadcrumbs-content":"","ast-featured-img":"","footer-sml-layout":"","theme-transparent-header-meta":"","adv-header-id-meta":"","stick-header-meta":"","header-above-stick-meta":"","header-main-stick-meta":"","header-below-stick-meta":"","astra-migrate-meta-layouts":"default","ast-page-background-enabled":"default","ast-page-background-meta":{"desktop":{"background-color":"var(--ast-global-color-4)","background-image":"","background-repeat":"repeat","background-position":"center center","background-size":"auto","background-attachment":"scroll","background-type":"","background-media":"","overlay-type":"","overlay-color":"","overlay-opacity":"","overlay-gradient":""},"tablet":{"background-color":"","background-image":"","background-repeat":"repeat","background-position":"center center","background-size":"auto","background-attachment":"scroll","background-type":"","background-media":"","overlay-type":"","overlay-color":"","overlay-opacity":"","overlay-gradient":""},"mobile":{"background-color":"","background-image":"","background-repeat":"repeat","background-position":"center center","background-size":"auto","background-attachment":"scroll","background-type":"","background-media":"","overlay-type":"","overlay-color":"","overlay-opacity":"","overlay-gradient":""}},"ast-content-background-meta":{"desktop":{"background-color":"var(--ast-global-color-5)","background-image":"","background-repeat":"repeat","background-position":"center center","background-size":"auto","background-attachment":"scroll","background-type":"","background-media":"","overlay-type":"","overlay-color":"","overlay-opacity":"","overlay-gradient":""},"tablet":{"background-color":"var(--ast-global-color-5)","background-image":"","background-repeat":"repeat","background-position":"center center","background-size":"auto","background-attachment":"scroll","background-type":"","background-media":"","overlay-type":"","overlay-color":"","overlay-opacity":"","overlay-gradient":""},"mobile":{"background-color":"var(--ast-global-color-5)","background-image":"","background-repeat":"repeat","background-position":"center center","background-size":"auto","background-attachment":"scroll","background-type":"","background-media":"","overlay-type":"","overlay-color":"","overlay-opacity":"","overlay-gradient":""}},"footnotes":""},"class_list":["post-426","page","type-page","status-publish","hentry"],"uagb_featured_image_src":{"full":false,"thumbnail":false,"medium":false,"medium_large":false,"large":false,"1536x1536":false,"2048x2048":false},"uagb_author_info":{"display_name":"WebMast20","author_link":"https:\/\/www.finimmobil.org\/index.php\/author\/webmast20\/"},"uagb_comment_info":0,"uagb_excerpt":"Contatta Finimmobil &#8211; Esperti Immobiliari e Finanziari Privacy Policy &#8211; Cookie Policy","_links":{"self":[{"href":"https:\/\/www.finimmobil.org\/index.php\/wp-json\/wp\/v2\/pages\/426","targetHints":{"allow":["GET"]}}],"collection":[{"href":"https:\/\/www.finimmobil.org\/index.php\/wp-json\/wp\/v2\/pages"}],"about":[{"href":"https:\/\/www.finimmobil.org\/index.php\/wp-json\/wp\/v2\/types\/page"}],"author":[{"embeddable":true,"href":"https:\/\/www.finimmobil.org\/index.php\/wp-json\/wp\/v2\/users\/1"}],"replies":[{"embeddable":true,"href":"https:\/\/www.finimmobil.org\/index.php\/wp-json\/wp\/v2\/comments?post=426"}],"version-history":[{"count":5,"href":"https:\/\/www.finimmobil.org\/index.php\/wp-json\/wp\/v2\/pages\/426\/revisions"}],"predecessor-version":[{"id":482,"href":"https:\/\/www.finimmobil.org\/index.php\/wp-json\/wp\/v2\/pages\/426\/revisions\/482"}],"wp:attachment":[{"href":"https:\/\/www.finimmobil.org\/index.php\/wp-json\/wp\/v2\/media?parent=426"}],"curies":[{"name":"wp","href":"https:\/\/api.w.org\/{rel}","templated":true}]}}